{"id":3,"date":"2023-02-20T10:53:54","date_gmt":"2023-02-20T10:53:54","guid":{"rendered":"https:\/\/laserweb.wakaprint.eu\/?page_id=3"},"modified":"2023-03-16T14:19:20","modified_gmt":"2023-03-16T14:19:20","slug":"privacy-policy","status":"publish","type":"page","link":"https:\/\/lasergabasa.es\/index.php\/privacy-policy\/","title":{"rendered":"Pol\u00edtica de privacidad"},"content":{"rendered":"\r\n<div class=\"group w-full text-gray-800 dark:text-gray-100 border-b border-black\/10 dark:border-gray-900\/50 bg-gray-50 dark:bg-[#444654]\">\r\n<div class=\"text-base gap-4 md:gap-6 md:max-w-2xl lg:max-w-2xl xl:max-w-3xl p-4 md:py-6 flex lg:px-0 m-auto\">\r\n<div class=\"relative flex w-[calc(100%-50px)] flex-col gap-1 md:gap-3 lg:w-[calc(100%-115px)]\">\r\n<div class=\"flex flex-grow flex-col gap-3\">\r\n<div class=\"min-h-[20px] flex flex-col items-start gap-4 whitespace-pre-wrap\">\r\n<div class=\"markdown prose w-full break-words dark:prose-invert dark\">\r\n<p>Laser Gabasa S.L. , con sede fiscal en Pol. Ind. Burgos Este C\/ La Meseta, 4 09007 BURGOS, en adelante LA EMPRESA.\u00a0<\/p>\r\n<p>En LA EMPRESA entendemos la importancia de proteger la privacidad de nuestros usuarios y clientes. Por ello, hemos adoptado medidas de seguridad adecuadas para garantizar la confidencialidad de la informaci\u00f3n que nos proporcionan a trav\u00e9s de nuestra p\u00e1gina web.<\/p>\r\n<p>En nuestra p\u00e1gina web, no recopilamos informaci\u00f3n personal de los usuarios a trav\u00e9s de formularios de contacto u otras herramientas similares. \u00danicamente recopilamos informaci\u00f3n que los usuarios deciden proporcionarnos de forma voluntaria a trav\u00e9s de los medios de contacto que ofrecemos en nuestra p\u00e1gina web, como nuestro correo electr\u00f3nico o n\u00famero de tel\u00e9fono.<\/p>\r\n<p>Toda la informaci\u00f3n que nos proporcionen los usuarios ser\u00e1 tratada de forma confidencial y s\u00f3lo se utilizar\u00e1 para los fines para los que fue proporcionada. No compartiremos esta informaci\u00f3n con terceros sin el consentimiento expreso del usuario, a menos que estemos legalmente obligados a hacerlo.<\/p>\r\n<p>En cumplimiento de la legislaci\u00f3n espa\u00f1ola de protecci\u00f3n de datos, los usuarios podr\u00e1n ejercer en todo momento sus derechos de acceso, rectificaci\u00f3n, cancelaci\u00f3n y oposici\u00f3n respecto a sus datos personales. Para ello, pueden ponerse en contacto con Informaci\u00f3n de contacto de LA EMPRESA, que encontrar\u00e1 en el apartado CONTACTAR de esta misma web.<\/p>\r\n<\/div>\r\n<\/div>\r\n<\/div>\r\n<div class=\"flex justify-between\">\r\n<div class=\"text-gray-400 flex self-end lg:self-center justify-center mt-2 gap-3 md:gap-4 lg:gap-1 lg:absolute lg:top-0 lg:translate-x-full lg:right-0 lg:mt-0 lg:pl-2 visible\">\u00a0<\/div>\r\n<\/div>\r\n<\/div>\r\n<\/div>\r\n<\/div>\r\n","protected":false},"excerpt":{"rendered":"<p>Laser Gabasa S.L. , con sede fiscal en Pol. Ind. Burgos Este C\/ La Meseta, 4 09007 BURGOS, en adelante LA EMPRESA.\u00a0 En LA EMPRESA entendemos la importancia de proteger la privacidad de nuestros usuarios y clientes. Por ello, hemos adoptado medidas de seguridad adecuadas para garantizar la confidencialidad de la informaci\u00f3n que nos proporcionan a trav\u00e9s de nuestra p\u00e1gina web. En nuestra p\u00e1gina web, no recopilamos informaci\u00f3n personal de los usuarios a trav\u00e9s de formularios de contacto u otras [&hellip;]<\/p>\n","protected":false},"author":1,"featured_media":0,"parent":0,"menu_order":0,"comment_status":"closed","ping_status":"closed","template":"","meta":{"footnotes":""},"class_list":["post-3","page","type-page","status-publish","hentry"],"_links":{"self":[{"href":"https:\/\/lasergabasa.es\/index.php\/wp-json\/wp\/v2\/pages\/3","targetHints":{"allow":["GET"]}}],"collection":[{"href":"https:\/\/lasergabasa.es\/index.php\/wp-json\/wp\/v2\/pages"}],"about":[{"href":"https:\/\/lasergabasa.es\/index.php\/wp-json\/wp\/v2\/types\/page"}],"author":[{"embeddable":true,"href":"https:\/\/lasergabasa.es\/index.php\/wp-json\/wp\/v2\/users\/1"}],"replies":[{"embeddable":true,"href":"https:\/\/lasergabasa.es\/index.php\/wp-json\/wp\/v2\/comments?post=3"}],"version-history":[{"count":2,"href":"https:\/\/lasergabasa.es\/index.php\/wp-json\/wp\/v2\/pages\/3\/revisions"}],"predecessor-version":[{"id":2251,"href":"https:\/\/lasergabasa.es\/index.php\/wp-json\/wp\/v2\/pages\/3\/revisions\/2251"}],"wp:attachment":[{"href":"https:\/\/lasergabasa.es\/index.php\/wp-json\/wp\/v2\/media?parent=3"}],"curies":[{"name":"wp","href":"https:\/\/api.w.org\/{rel}","templated":true}]}}